{"id":209,"date":"2022-07-26T15:59:10","date_gmt":"2022-07-26T18:59:10","guid":{"rendered":"https:\/\/vallorashop.makkomkt.com.br\/?post_type=product&#038;p=209"},"modified":"2022-07-26T21:25:58","modified_gmt":"2022-07-27T00:25:58","slug":"vestido-longo-de-alca","status":"publish","type":"product","link":"https:\/\/vallorashop.makkomkt.com.br\/index.php\/produto\/vestido-longo-de-alca\/","title":{"rendered":"Vestido longo de al\u00e7a"},"content":{"rendered":"<h2>Descri\u00e7\u00e3o<\/h2>\n<p>Vestido feminino confeccionado em tecido plano de algod\u00e3o. A pe\u00e7a tem el\u00e1sticos embutidos na parte posterior que conferem caimento ajustado ao corpo. O comprimento \u00e9 midi com uma fenda frontal. O decote tem recorte que valoriza o busto e n\u00e3o possui bojo. As al\u00e7as s\u00e3o finas com regulagem. O fechamento \u00e9 posterior por z\u00edper. Tem forro feito do mesmo tecido na parte superior.<\/p>\n<p>Composi\u00e7\u00e3o: 100% Algod\u00e3o<\/p>\n","protected":false},"excerpt":{"rendered":"<p>Descri\u00e7\u00e3o Vestido feminino confeccionado em tecido plano de algod\u00e3o. A pe\u00e7a tem el\u00e1sticos embutidos na parte posterior que conferem caimento ajustado ao corpo. O comprimento \u00e9 midi com uma fenda frontal. O decote tem recorte que valoriza o busto e n\u00e3o possui bojo. As al\u00e7as s\u00e3o finas com regulagem. O fechamento \u00e9 posterior por z\u00edper. [&hellip;]<\/p>\n","protected":false},"featured_media":243,"comment_status":"open","ping_status":"closed","template":"","meta":{"om_disable_all_campaigns":false,"_monsterinsights_skip_tracking":false,"_monsterinsights_sitenote_active":false,"_monsterinsights_sitenote_note":"","_monsterinsights_sitenote_category":0},"product_brand":[],"product_cat":[23,18],"product_tag":[],"class_list":{"0":"post-209","1":"product","2":"type-product","3":"status-publish","4":"has-post-thumbnail","6":"product_cat-outono","7":"product_cat-vestido","9":"first","10":"instock","11":"sale","12":"shipping-taxable","13":"purchasable","14":"product-type-simple"},"aioseo_notices":[],"_links":{"self":[{"href":"https:\/\/vallorashop.makkomkt.com.br\/index.php\/wp-json\/wp\/v2\/product\/209","targetHints":{"allow":["GET"]}}],"collection":[{"href":"https:\/\/vallorashop.makkomkt.com.br\/index.php\/wp-json\/wp\/v2\/product"}],"about":[{"href":"https:\/\/vallorashop.makkomkt.com.br\/index.php\/wp-json\/wp\/v2\/types\/product"}],"replies":[{"embeddable":true,"href":"https:\/\/vallorashop.makkomkt.com.br\/index.php\/wp-json\/wp\/v2\/comments?post=209"}],"wp:featuredmedia":[{"embeddable":true,"href":"https:\/\/vallorashop.makkomkt.com.br\/index.php\/wp-json\/wp\/v2\/media\/243"}],"wp:attachment":[{"href":"https:\/\/vallorashop.makkomkt.com.br\/index.php\/wp-json\/wp\/v2\/media?parent=209"}],"wp:term":[{"taxonomy":"product_brand","embeddable":true,"href":"https:\/\/vallorashop.makkomkt.com.br\/index.php\/wp-json\/wp\/v2\/product_brand?post=209"},{"taxonomy":"product_cat","embeddable":true,"href":"https:\/\/vallorashop.makkomkt.com.br\/index.php\/wp-json\/wp\/v2\/product_cat?post=209"},{"taxonomy":"product_tag","embeddable":true,"href":"https:\/\/vallorashop.makkomkt.com.br\/index.php\/wp-json\/wp\/v2\/product_tag?post=209"}],"curies":[{"name":"wp","href":"https:\/\/api.w.org\/{rel}","templated":true}]}}