{"id":34,"date":"2022-07-25T23:33:45","date_gmt":"2022-07-26T02:33:45","guid":{"rendered":"https:\/\/vallorashop.makkomkt.com.br\/?post_type=product&#038;p=34"},"modified":"2022-07-27T00:36:12","modified_gmt":"2022-07-27T03:36:12","slug":"chemisie-manga-longa","status":"publish","type":"product","link":"https:\/\/vallorashop.makkomkt.com.br\/index.php\/produto\/chemisie-manga-longa\/","title":{"rendered":"Blazer estilo alfaiataria cor ros\u00ea"},"content":{"rendered":"<h2>Informa\u00e7\u00e3o adicional<\/h2>\n<table class=\"woocommerce-product-attributes shop_attributes\">\n<tbody>\n<tr class=\"woocommerce-product-attributes-item woocommerce-product-attributes-item--attribute_pa_cor\">\n<th class=\"woocommerce-product-attributes-item__label\">Cor<\/th>\n<td class=\"woocommerce-product-attributes-item__value\">Ros\u00ea<\/td>\n<\/tr>\n<tr class=\"woocommerce-product-attributes-item woocommerce-product-attributes-item--attribute_pa_tamanho\">\n<th class=\"woocommerce-product-attributes-item__label\">Tamanho<\/th>\n<td class=\"woocommerce-product-attributes-item__value\"><span style=\"vertical-align: inherit;\"><span style=\"vertical-align: inherit;\">G, M,<\/span><\/span><\/td>\n<\/tr>\n<\/tbody>\n<\/table>\n","protected":false},"excerpt":{"rendered":"<p>Informa\u00e7\u00e3o adicional Cor Ros\u00ea Tamanho G, M,<\/p>\n","protected":false},"featured_media":250,"comment_status":"open","ping_status":"closed","template":"","meta":{"om_disable_all_campaigns":false,"_monsterinsights_skip_tracking":false,"_monsterinsights_sitenote_active":false,"_monsterinsights_sitenote_note":"","_monsterinsights_sitenote_category":0},"product_brand":[],"product_cat":[23,18],"product_tag":[],"class_list":{"0":"post-34","1":"product","2":"type-product","3":"status-publish","4":"has-post-thumbnail","6":"product_cat-outono","7":"product_cat-vestido","9":"first","10":"instock","11":"sale","12":"shipping-taxable","13":"purchasable","14":"product-type-variable"},"aioseo_notices":[],"_links":{"self":[{"href":"https:\/\/vallorashop.makkomkt.com.br\/index.php\/wp-json\/wp\/v2\/product\/34","targetHints":{"allow":["GET"]}}],"collection":[{"href":"https:\/\/vallorashop.makkomkt.com.br\/index.php\/wp-json\/wp\/v2\/product"}],"about":[{"href":"https:\/\/vallorashop.makkomkt.com.br\/index.php\/wp-json\/wp\/v2\/types\/product"}],"replies":[{"embeddable":true,"href":"https:\/\/vallorashop.makkomkt.com.br\/index.php\/wp-json\/wp\/v2\/comments?post=34"}],"wp:featuredmedia":[{"embeddable":true,"href":"https:\/\/vallorashop.makkomkt.com.br\/index.php\/wp-json\/wp\/v2\/media\/250"}],"wp:attachment":[{"href":"https:\/\/vallorashop.makkomkt.com.br\/index.php\/wp-json\/wp\/v2\/media?parent=34"}],"wp:term":[{"taxonomy":"product_brand","embeddable":true,"href":"https:\/\/vallorashop.makkomkt.com.br\/index.php\/wp-json\/wp\/v2\/product_brand?post=34"},{"taxonomy":"product_cat","embeddable":true,"href":"https:\/\/vallorashop.makkomkt.com.br\/index.php\/wp-json\/wp\/v2\/product_cat?post=34"},{"taxonomy":"product_tag","embeddable":true,"href":"https:\/\/vallorashop.makkomkt.com.br\/index.php\/wp-json\/wp\/v2\/product_tag?post=34"}],"curies":[{"name":"wp","href":"https:\/\/api.w.org\/{rel}","templated":true}]}}